{"id":532,"date":"2019-08-20T21:13:50","date_gmt":"2019-08-20T19:13:50","guid":{"rendered":"http:\/\/derbravehund.de\/?page_id=532"},"modified":"2019-08-20T21:55:19","modified_gmt":"2019-08-20T19:55:19","slug":"enya","status":"publish","type":"page","link":"https:\/\/derbravehund.de\/?page_id=532","title":{"rendered":"Enya"},"content":{"rendered":"<p><img decoding=\"async\" loading=\"lazy\" class=\"alignleft size-medium wp-image-531\" src=\"http:\/\/derbravehund.de\/wp-content\/uploads\/2014\/03\/Bild-Enya-300x200.jpg\" alt=\"Enya\" width=\"300\" height=\"200\" srcset=\"https:\/\/derbravehund.de\/wp-content\/uploads\/2014\/03\/Bild-Enya-300x200.jpg 300w, https:\/\/derbravehund.de\/wp-content\/uploads\/2014\/03\/Bild-Enya-768x512.jpg 768w, https:\/\/derbravehund.de\/wp-content\/uploads\/2014\/03\/Bild-Enya.jpg 800w\" sizes=\"(max-width: 300px) 100vw, 300px\" \/>Enya vom Hochholz<\/p>\n<p>wie man sieht, funktioniert Deine Ausbildung auch f\u00fcr Jagdhunde wunderbar. Das Video der Messe in Augsburg zeigt, wie Enya auch unter Ablenkung auf einer Messe voll bei der Sache ist und freudig apportiert. Enya hat diese Ausbildung in vollem Umfang in die Praxis umgesetzt und apportiert totsicher alles Wild, ob an Land oder im Wasser, \u00a0ist ihr v\u00f6llig egal. Auch wenn die Ente direkt vor ihr im Wasser geschossen wird, erh\u00f6ht sie h\u00f6chstens das Tempo. Fuchsapport brauchte ich nie extra \u00fcben, weil Enya den Fuchs auf der Jagd sofort genommen hat. VJP, HZP, Abschlusspr\u00fcfung Hundef\u00fchrerlehrgang und Erg\u00e4nzungs-BP hat Sie jeweils prima, meist als J\u00fcngste, \u00a0gemeistert. Nach einer kleinen Kunstpause geht es heuer auf die VGP. Ohne Deine fundierte Grundausbildung h\u00e4tte ich die jagdlichen F\u00e4cher nie so entspannt angehen k\u00f6nnen. Vor allem freut es mich, wie Du die Hunde f\u00fcr ihre Arbeit begeistern und ihnen den Spa\u00df daran erhalten kannst. Ich glaube auf dem Bild mit dem Fasan kommt dies gut zum Ausdruck.<\/p>\n<p>Viel Erfolg weiterhin<br \/>\nEgbert Urbach<\/p>\n<p><a href=\"http:\/\/derbravehund.de\/wp-content\/uploads\/2014\/03\/Video-Enya.mov\">Video Enya<\/a><\/p>\n","protected":false},"excerpt":{"rendered":"<p>Enya vom Hochholz wie man sieht, funktioniert Deine Ausbildung auch f\u00fcr Jagdhunde wunderbar. Das Video der Messe in Augsburg zeigt, wie Enya auch unter Ablenkung auf einer Messe voll bei der Sache ist und freudig apportiert. Enya hat diese Ausbildung in vollem Umfang in die Praxis umgesetzt und apportiert totsicher alles Wild, ob an Land &hellip; <a href=\"https:\/\/derbravehund.de\/?page_id=532\" class=\"more-link\"><span class=\"screen-reader-text\">Enya<\/span> weiterlesen <span class=\"meta-nav\">&rarr;<\/span><\/a><\/p>\n","protected":false},"author":1,"featured_media":0,"parent":91,"menu_order":49,"comment_status":"closed","ping_status":"closed","template":"","meta":[],"_links":{"self":[{"href":"https:\/\/derbravehund.de\/index.php?rest_route=\/wp\/v2\/pages\/532"}],"collection":[{"href":"https:\/\/derbravehund.de\/index.php?rest_route=\/wp\/v2\/pages"}],"about":[{"href":"https:\/\/derbravehund.de\/index.php?rest_route=\/wp\/v2\/types\/page"}],"author":[{"embeddable":true,"href":"https:\/\/derbravehund.de\/index.php?rest_route=\/wp\/v2\/users\/1"}],"replies":[{"embeddable":true,"href":"https:\/\/derbravehund.de\/index.php?rest_route=%2Fwp%2Fv2%2Fcomments&post=532"}],"version-history":[{"count":1,"href":"https:\/\/derbravehund.de\/index.php?rest_route=\/wp\/v2\/pages\/532\/revisions"}],"predecessor-version":[{"id":533,"href":"https:\/\/derbravehund.de\/index.php?rest_route=\/wp\/v2\/pages\/532\/revisions\/533"}],"up":[{"embeddable":true,"href":"https:\/\/derbravehund.de\/index.php?rest_route=\/wp\/v2\/pages\/91"}],"wp:attachment":[{"href":"https:\/\/derbravehund.de\/index.php?rest_route=%2Fwp%2Fv2%2Fmedia&parent=532"}],"curies":[{"name":"wp","href":"https:\/\/api.w.org\/{rel}","templated":true}]}}