{"id":5,"date":"2014-03-21T20:15:14","date_gmt":"2014-03-21T18:15:14","guid":{"rendered":"http:\/\/galaxyplayers.de\/?page_id=5"},"modified":"2025-05-11T17:26:36","modified_gmt":"2025-05-11T15:26:36","slug":"meine-ausbildung","status":"publish","type":"page","link":"https:\/\/derbravehund.de\/?page_id=5","title":{"rendered":"Welpencoaching"},"content":{"rendered":"<h3><\/h3>\nIn meinem individuellen Welpencoaching begleite ich dich und deinen Welpen pers\u00f6nlich \u2013 vom ersten Tierarztbesuch \u00fcber die Auswahl sinnvoller Erstutensilien bis hin zur Stubenreinheit und den Grundlagen des Gehorsams. Mit viel Geduld, Fachwissen und Herz unterst\u00fctze ich dich dabei, eine stabile Vertrauensbasis aufzubauen und deinen Welpen sicher durch diese erste wichtige Lebensphase zu f\u00fchren. Mein Ziel ist es, dass du und dein Hund von Anfang an als harmonisches Team zusammenwachst \u2013 alltagsnah, verst\u00e4ndlich und genau auf eure Bed\u00fcrfnisse abgestimmt.\n<h3> <\/h3>\n<figure class=\"wp-block-image aligncenter size-large is-resized\"><a href=\"https:\/\/derbravehund.de\/wp-content\/uploads\/2025\/05\/IMG_3379-scaled.jpg\"><img decoding=\"async\" loading=\"lazy\" class=\"wp-image-581\" src=\"https:\/\/derbravehund.de\/wp-content\/uploads\/2025\/05\/IMG_3379-1024x948.jpg\" alt=\"\" width=\"452\" height=\"417\" srcset=\"https:\/\/derbravehund.de\/wp-content\/uploads\/2025\/05\/IMG_3379-1024x948.jpg 1024w, https:\/\/derbravehund.de\/wp-content\/uploads\/2025\/05\/IMG_3379-300x278.jpg 300w, https:\/\/derbravehund.de\/wp-content\/uploads\/2025\/05\/IMG_3379-768x711.jpg 768w, https:\/\/derbravehund.de\/wp-content\/uploads\/2025\/05\/IMG_3379-1536x1422.jpg 1536w, https:\/\/derbravehund.de\/wp-content\/uploads\/2025\/05\/IMG_3379-2048x1896.jpg 2048w\" sizes=\"(max-width: 452px) 100vw, 452px\" \/><\/a><\/figure>\n<h3> <\/h3>\nWas dich in meinem Coaching erwartet: Wir starten mit dem sicheren R\u00fcckruf \u2013 dem wichtigsten Baustein f\u00fcr Freiheit und Sicherheit im Alltag. Es folgt das Deckentraining, das deinem Welpen hilft, zur Ruhe zu kommen und Impulskontrolle zu lernen. Die Leinenf\u00fchrigkeit gestalten wir gemeinsam stressfrei und verst\u00e4ndlich, damit Spazierg\u00e4nge von Anfang an Freude machen. Au\u00dferdem integrieren wir Medical Training, damit dein Hund spielerisch an Ber\u00fchrungen, Pflege und Tierarztbesuche gew\u00f6hnt wird \u2013 f\u00fcr ein entspanntes Miteinander in jeder Lebenslage. Wir \u00fcben au\u00dferdem einen kontrollierten Umgang mit anderen Hunden und f\u00fchren deinen kleinen Liebling behutsam an verschiedene Alltagssituationen heran. Dabei ber\u00fccksichtige ich stets, ob dein Hund als Familienhund, Jagd-, Dienst- oder Sporthund ausgebildet wird \u2013 denn jedes Mensch-Hund-Team hat andere Anforderungen und verdient eine individuelle Herangehensweise.\n<h3><\/h3>","protected":false},"excerpt":{"rendered":"<p>In meinem individuellen Welpencoaching begleite ich dich und deinen Welpen pers\u00f6nlich \u2013 vom ersten Tierarztbesuch \u00fcber die Auswahl sinnvoller Erstutensilien bis hin zur Stubenreinheit und den Grundlagen des Gehorsams. Mit viel Geduld, Fachwissen und Herz unterst\u00fctze ich dich dabei, eine stabile Vertrauensbasis aufzubauen und deinen Welpen sicher durch diese erste wichtige Lebensphase zu f\u00fchren. Mein &hellip; <a href=\"https:\/\/derbravehund.de\/?page_id=5\" class=\"more-link\"><span class=\"screen-reader-text\">Welpencoaching<\/span> weiterlesen <span class=\"meta-nav\">&rarr;<\/span><\/a><\/p>\n","protected":false},"author":1,"featured_media":0,"parent":0,"menu_order":23,"comment_status":"closed","ping_status":"closed","template":"","meta":[],"_links":{"self":[{"href":"https:\/\/derbravehund.de\/index.php?rest_route=\/wp\/v2\/pages\/5"}],"collection":[{"href":"https:\/\/derbravehund.de\/index.php?rest_route=\/wp\/v2\/pages"}],"about":[{"href":"https:\/\/derbravehund.de\/index.php?rest_route=\/wp\/v2\/types\/page"}],"author":[{"embeddable":true,"href":"https:\/\/derbravehund.de\/index.php?rest_route=\/wp\/v2\/users\/1"}],"replies":[{"embeddable":true,"href":"https:\/\/derbravehund.de\/index.php?rest_route=%2Fwp%2Fv2%2Fcomments&post=5"}],"version-history":[{"count":25,"href":"https:\/\/derbravehund.de\/index.php?rest_route=\/wp\/v2\/pages\/5\/revisions"}],"predecessor-version":[{"id":607,"href":"https:\/\/derbravehund.de\/index.php?rest_route=\/wp\/v2\/pages\/5\/revisions\/607"}],"wp:attachment":[{"href":"https:\/\/derbravehund.de\/index.php?rest_route=%2Fwp%2Fv2%2Fmedia&parent=5"}],"curies":[{"name":"wp","href":"https:\/\/api.w.org\/{rel}","templated":true}]}}